{"id":728,"date":"2021-10-22T09:53:43","date_gmt":"2021-10-22T07:53:43","guid":{"rendered":"https:\/\/wmerksa.ch\/mission-sociale\/"},"modified":"2021-10-22T09:53:44","modified_gmt":"2021-10-22T07:53:44","slug":"mission-sociale","status":"publish","type":"page","link":"https:\/\/wmerksa.ch\/fr\/mission-sociale\/","title":{"rendered":"Mission sociale"},"content":{"rendered":"<div class=\"fusion-fullwidth fullwidth-box fusion-builder-row-1 fusion-flex-container hundred-percent-fullwidth non-hundred-percent-height-scrolling\" style=\"--awb-border-radius-top-left:0px;--awb-border-radius-top-right:0px;--awb-border-radius-bottom-right:0px;--awb-border-radius-bottom-left:0px;--awb-padding-right:30px;--awb-padding-left:30px;--awb-margin-bottom:0px;--awb-background-color:#f1f1f1;--awb-flex-wrap:wrap;\" ><div class=\"fusion-builder-row fusion-row fusion-flex-align-items-flex-start fusion-flex-content-wrap\" style=\"width:104% !important;max-width:104% !important;margin-left: calc(-4% \/ 2 );margin-right: calc(-4% \/ 2 );\"><div class=\"fusion-layout-column fusion_builder_column fusion-builder-column-0 fusion_builder_column_1_5 1_5 fusion-flex-column fusion-no-small-visibility fusion-no-medium-visibility\" style=\"--awb-bg-size:cover;--awb-width-large:20%;--awb-margin-top-large:0px;--awb-spacing-right-large:9.6%;--awb-margin-bottom-large:0px;--awb-spacing-left-large:9.6%;--awb-width-medium:20%;--awb-order-medium:0;--awb-spacing-right-medium:9.6%;--awb-spacing-left-medium:9.6%;--awb-width-small:100%;--awb-order-small:0;--awb-spacing-right-small:1.92%;--awb-spacing-left-small:1.92%;\"><div class=\"fusion-column-wrapper fusion-column-has-shadow fusion-flex-justify-content-flex-start fusion-content-layout-column\"><\/div><\/div><div class=\"fusion-layout-column fusion_builder_column fusion-builder-column-1 fusion_builder_column_3_5 3_5 fusion-flex-column\" style=\"--awb-bg-size:cover;--awb-width-large:60%;--awb-margin-top-large:0px;--awb-spacing-right-large:3.2%;--awb-margin-bottom-large:0px;--awb-spacing-left-large:3.2%;--awb-width-medium:100%;--awb-order-medium:0;--awb-spacing-right-medium:1.92%;--awb-spacing-left-medium:1.92%;--awb-width-small:100%;--awb-order-small:0;--awb-spacing-right-small:1.92%;--awb-spacing-left-small:1.92%;\"><div class=\"fusion-column-wrapper fusion-column-has-shadow fusion-flex-justify-content-flex-start fusion-content-layout-column\"><div class=\"fusion-separator fusion-full-width-sep\" style=\"align-self: center;margin-left: auto;margin-right: auto;margin-top:40px;margin-bottom:40px;width:100%;\"><\/div><div class=\"fusion-title title fusion-title-1 fusion-sep-none fusion-title-text fusion-title-size-two\"><h2 class=\"fusion-title-heading title-heading-left\" style=\"margin:0;\">Mission sociale<\/h2><\/div><div class=\"fusion-text fusion-text-1\"><p><span style=\"color: #e30613;\">Nous ne sommes pas une organisation humanitaire. Nous aidons les personnes \u00e0 gagner leur autonomie.<\/span><\/p>\n<p>Depuis plus de 60 ans, W. Merk SA donne la chance de travailler \u00e0 des personnes qui ont des difficult\u00e9s \u00e0 entrer dans le monde professionnel:<\/p>\n<p>Nous leur offrons ainsi l&rsquo;opportunit\u00e9 d&rsquo;acqu\u00e9rir un mode de vie responsable et autonome.<\/p>\n<p>Avec eux nous s\u00e9lectionnons des produits de qualit\u00e9, aujourd\u2019hui comme il y a soixante ans, parce-que nous savons que, d\u2019\u00eatre responsable et solidaire \u00e7a veut dire se prendre soins des personnes, des produits et r\u00e9alit\u00e9 qui nous entoure.<\/p>\n<\/div><div class=\"fusion-separator fusion-full-width-sep\" style=\"align-self: center;margin-left: auto;margin-right: auto;margin-top:20px;margin-bottom:20px;width:100%;\"><\/div><div class=\"fusion-image-element \" style=\"text-align:center;--awb-caption-title-font-family:var(--h2_typography-font-family);--awb-caption-title-font-weight:var(--h2_typography-font-weight);--awb-caption-title-font-style:var(--h2_typography-font-style);--awb-caption-title-size:var(--h2_typography-font-size);--awb-caption-title-transform:var(--h2_typography-text-transform);--awb-caption-title-line-height:var(--h2_typography-line-height);--awb-caption-title-letter-spacing:var(--h2_typography-letter-spacing);\"><span class=\" fusion-imageframe imageframe-none imageframe-1 hover-type-none\"><img decoding=\"async\" width=\"600\" height=\"310\" title=\"la-nostra-filosofia\" src=\"https:\/\/wmerksa.ch\/wp-content\/uploads\/2021\/08\/la-nostra-filosofia.jpg\" alt class=\"img-responsive wp-image-437\" srcset=\"https:\/\/wmerksa.ch\/wp-content\/uploads\/2021\/08\/la-nostra-filosofia-200x103.jpg 200w, https:\/\/wmerksa.ch\/wp-content\/uploads\/2021\/08\/la-nostra-filosofia-400x207.jpg 400w, https:\/\/wmerksa.ch\/wp-content\/uploads\/2021\/08\/la-nostra-filosofia.jpg 600w\" sizes=\"(max-width: 640px) 100vw, 600px\" \/><\/span><\/div><\/div><\/div><div class=\"fusion-layout-column fusion_builder_column fusion-builder-column-2 fusion_builder_column_1_5 1_5 fusion-flex-column fusion-no-small-visibility fusion-no-medium-visibility\" style=\"--awb-bg-size:cover;--awb-width-large:20%;--awb-margin-top-large:0px;--awb-spacing-right-large:9.6%;--awb-margin-bottom-large:0px;--awb-spacing-left-large:9.6%;--awb-width-medium:20%;--awb-order-medium:0;--awb-spacing-right-medium:9.6%;--awb-spacing-left-medium:9.6%;--awb-width-small:100%;--awb-order-small:0;--awb-spacing-right-small:1.92%;--awb-spacing-left-small:1.92%;\"><div class=\"fusion-column-wrapper fusion-column-has-shadow fusion-flex-justify-content-flex-start fusion-content-layout-column\"><\/div><\/div><\/div><\/div>\n","protected":false},"excerpt":{"rendered":"","protected":false},"author":1,"featured_media":0,"parent":0,"menu_order":3,"comment_status":"closed","ping_status":"closed","template":"100-width.php","meta":{"_themeisle_gutenberg_block_has_review":false,"footnotes":""},"class_list":["post-728","page","type-page","status-publish","hentry"],"yoast_head":"<!-- This site is optimized with the Yoast SEO plugin v27.4 - https:\/\/yoast.com\/product\/yoast-seo-wordpress\/ -->\n<title>Mission sociale - W. Merk SA<\/title>\n<meta name=\"description\" content=\"Avec eux nous s\u00e9lectionnons des produits de qualit\u00e9, aujourd\u2019hui comme il y a soixante ans, parce-que nous savons que, d\u2019\u00eatre responsable et solidaire \u00e7a veut dire se prendre soins des personnes, des produits et r\u00e9alit\u00e9 qui nous entoure.\" \/>\n<meta name=\"robots\" content=\"index, follow, max-snippet:-1, max-image-preview:large, max-video-preview:-1\" \/>\n<link rel=\"canonical\" href=\"https:\/\/wmerksa.ch\/fr\/mission-sociale\/\" \/>\n<meta property=\"og:locale\" content=\"fr_FR\" \/>\n<meta property=\"og:type\" content=\"article\" \/>\n<meta property=\"og:title\" content=\"Mission sociale - W. Merk SA\" \/>\n<meta property=\"og:description\" content=\"Avec eux nous s\u00e9lectionnons des produits de qualit\u00e9, aujourd\u2019hui comme il y a soixante ans, parce-que nous savons que, d\u2019\u00eatre responsable et solidaire \u00e7a veut dire se prendre soins des personnes, des produits et r\u00e9alit\u00e9 qui nous entoure.\" \/>\n<meta property=\"og:url\" content=\"https:\/\/wmerksa.ch\/fr\/mission-sociale\/\" \/>\n<meta property=\"og:site_name\" content=\"W. Merk SA\" \/>\n<meta property=\"article:publisher\" content=\"https:\/\/www.facebook.com\/wmerk.ch\/\" \/>\n<meta property=\"article:modified_time\" content=\"2021-10-22T07:53:44+00:00\" \/>\n<meta name=\"twitter:card\" content=\"summary_large_image\" \/>\n<meta name=\"twitter:label1\" content=\"Dur\u00e9e de lecture estim\u00e9e\" \/>\n\t<meta name=\"twitter:data1\" content=\"9 minutes\" \/>\n<script type=\"application\/ld+json\" class=\"yoast-schema-graph\">{\"@context\":\"https:\\\/\\\/schema.org\",\"@graph\":[{\"@type\":\"WebPage\",\"@id\":\"https:\\\/\\\/wmerksa.ch\\\/fr\\\/mission-sociale\\\/\",\"url\":\"https:\\\/\\\/wmerksa.ch\\\/fr\\\/mission-sociale\\\/\",\"name\":\"Mission sociale - W. Merk SA\",\"isPartOf\":{\"@id\":\"https:\\\/\\\/wmerksa.ch\\\/fr\\\/#website\"},\"datePublished\":\"2021-10-22T07:53:43+00:00\",\"dateModified\":\"2021-10-22T07:53:44+00:00\",\"description\":\"Avec eux nous s\u00e9lectionnons des produits de qualit\u00e9, aujourd\u2019hui comme il y a soixante ans, parce-que nous savons que, d\u2019\u00eatre responsable et solidaire \u00e7a veut dire se prendre soins des personnes, des produits et r\u00e9alit\u00e9 qui nous entoure.\",\"breadcrumb\":{\"@id\":\"https:\\\/\\\/wmerksa.ch\\\/fr\\\/mission-sociale\\\/#breadcrumb\"},\"inLanguage\":\"fr-FR\",\"potentialAction\":[{\"@type\":\"ReadAction\",\"target\":[\"https:\\\/\\\/wmerksa.ch\\\/fr\\\/mission-sociale\\\/\"]}]},{\"@type\":\"BreadcrumbList\",\"@id\":\"https:\\\/\\\/wmerksa.ch\\\/fr\\\/mission-sociale\\\/#breadcrumb\",\"itemListElement\":[{\"@type\":\"ListItem\",\"position\":1,\"name\":\"Home\",\"item\":\"https:\\\/\\\/wmerksa.ch\\\/fr\\\/\"},{\"@type\":\"ListItem\",\"position\":2,\"name\":\"Mission sociale\"}]},{\"@type\":\"WebSite\",\"@id\":\"https:\\\/\\\/wmerksa.ch\\\/fr\\\/#website\",\"url\":\"https:\\\/\\\/wmerksa.ch\\\/fr\\\/\",\"name\":\"W. Merk SA\",\"description\":\"\",\"publisher\":{\"@id\":\"https:\\\/\\\/wmerksa.ch\\\/fr\\\/#organization\"},\"potentialAction\":[{\"@type\":\"SearchAction\",\"target\":{\"@type\":\"EntryPoint\",\"urlTemplate\":\"https:\\\/\\\/wmerksa.ch\\\/fr\\\/?s={search_term_string}\"},\"query-input\":{\"@type\":\"PropertyValueSpecification\",\"valueRequired\":true,\"valueName\":\"search_term_string\"}}],\"inLanguage\":\"fr-FR\"},{\"@type\":\"Organization\",\"@id\":\"https:\\\/\\\/wmerksa.ch\\\/fr\\\/#organization\",\"name\":\"W. Merk SA\",\"url\":\"https:\\\/\\\/wmerksa.ch\\\/fr\\\/\",\"logo\":{\"@type\":\"ImageObject\",\"inLanguage\":\"fr-FR\",\"@id\":\"https:\\\/\\\/wmerksa.ch\\\/fr\\\/#\\\/schema\\\/logo\\\/image\\\/\",\"url\":\"https:\\\/\\\/wmerksa.ch\\\/wp-content\\\/uploads\\\/2021\\\/09\\\/logo@3x.png\",\"contentUrl\":\"https:\\\/\\\/wmerksa.ch\\\/wp-content\\\/uploads\\\/2021\\\/09\\\/logo@3x.png\",\"width\":480,\"height\":183,\"caption\":\"W. Merk SA\"},\"image\":{\"@id\":\"https:\\\/\\\/wmerksa.ch\\\/fr\\\/#\\\/schema\\\/logo\\\/image\\\/\"},\"sameAs\":[\"https:\\\/\\\/www.facebook.com\\\/wmerk.ch\\\/\"]}]}<\/script>\n<!-- \/ Yoast SEO plugin. -->","yoast_head_json":{"title":"Mission sociale - W. Merk SA","description":"Avec eux nous s\u00e9lectionnons des produits de qualit\u00e9, aujourd\u2019hui comme il y a soixante ans, parce-que nous savons que, d\u2019\u00eatre responsable et solidaire \u00e7a veut dire se prendre soins des personnes, des produits et r\u00e9alit\u00e9 qui nous entoure.","robots":{"index":"index","follow":"follow","max-snippet":"max-snippet:-1","max-image-preview":"max-image-preview:large","max-video-preview":"max-video-preview:-1"},"canonical":"https:\/\/wmerksa.ch\/fr\/mission-sociale\/","og_locale":"fr_FR","og_type":"article","og_title":"Mission sociale - W. Merk SA","og_description":"Avec eux nous s\u00e9lectionnons des produits de qualit\u00e9, aujourd\u2019hui comme il y a soixante ans, parce-que nous savons que, d\u2019\u00eatre responsable et solidaire \u00e7a veut dire se prendre soins des personnes, des produits et r\u00e9alit\u00e9 qui nous entoure.","og_url":"https:\/\/wmerksa.ch\/fr\/mission-sociale\/","og_site_name":"W. Merk SA","article_publisher":"https:\/\/www.facebook.com\/wmerk.ch\/","article_modified_time":"2021-10-22T07:53:44+00:00","twitter_card":"summary_large_image","twitter_misc":{"Dur\u00e9e de lecture estim\u00e9e":"9 minutes"},"schema":{"@context":"https:\/\/schema.org","@graph":[{"@type":"WebPage","@id":"https:\/\/wmerksa.ch\/fr\/mission-sociale\/","url":"https:\/\/wmerksa.ch\/fr\/mission-sociale\/","name":"Mission sociale - W. Merk SA","isPartOf":{"@id":"https:\/\/wmerksa.ch\/fr\/#website"},"datePublished":"2021-10-22T07:53:43+00:00","dateModified":"2021-10-22T07:53:44+00:00","description":"Avec eux nous s\u00e9lectionnons des produits de qualit\u00e9, aujourd\u2019hui comme il y a soixante ans, parce-que nous savons que, d\u2019\u00eatre responsable et solidaire \u00e7a veut dire se prendre soins des personnes, des produits et r\u00e9alit\u00e9 qui nous entoure.","breadcrumb":{"@id":"https:\/\/wmerksa.ch\/fr\/mission-sociale\/#breadcrumb"},"inLanguage":"fr-FR","potentialAction":[{"@type":"ReadAction","target":["https:\/\/wmerksa.ch\/fr\/mission-sociale\/"]}]},{"@type":"BreadcrumbList","@id":"https:\/\/wmerksa.ch\/fr\/mission-sociale\/#breadcrumb","itemListElement":[{"@type":"ListItem","position":1,"name":"Home","item":"https:\/\/wmerksa.ch\/fr\/"},{"@type":"ListItem","position":2,"name":"Mission sociale"}]},{"@type":"WebSite","@id":"https:\/\/wmerksa.ch\/fr\/#website","url":"https:\/\/wmerksa.ch\/fr\/","name":"W. Merk SA","description":"","publisher":{"@id":"https:\/\/wmerksa.ch\/fr\/#organization"},"potentialAction":[{"@type":"SearchAction","target":{"@type":"EntryPoint","urlTemplate":"https:\/\/wmerksa.ch\/fr\/?s={search_term_string}"},"query-input":{"@type":"PropertyValueSpecification","valueRequired":true,"valueName":"search_term_string"}}],"inLanguage":"fr-FR"},{"@type":"Organization","@id":"https:\/\/wmerksa.ch\/fr\/#organization","name":"W. Merk SA","url":"https:\/\/wmerksa.ch\/fr\/","logo":{"@type":"ImageObject","inLanguage":"fr-FR","@id":"https:\/\/wmerksa.ch\/fr\/#\/schema\/logo\/image\/","url":"https:\/\/wmerksa.ch\/wp-content\/uploads\/2021\/09\/logo@3x.png","contentUrl":"https:\/\/wmerksa.ch\/wp-content\/uploads\/2021\/09\/logo@3x.png","width":480,"height":183,"caption":"W. Merk SA"},"image":{"@id":"https:\/\/wmerksa.ch\/fr\/#\/schema\/logo\/image\/"},"sameAs":["https:\/\/www.facebook.com\/wmerk.ch\/"]}]}},"_links":{"self":[{"href":"https:\/\/wmerksa.ch\/fr\/wp-json\/wp\/v2\/pages\/728","targetHints":{"allow":["GET"]}}],"collection":[{"href":"https:\/\/wmerksa.ch\/fr\/wp-json\/wp\/v2\/pages"}],"about":[{"href":"https:\/\/wmerksa.ch\/fr\/wp-json\/wp\/v2\/types\/page"}],"author":[{"embeddable":true,"href":"https:\/\/wmerksa.ch\/fr\/wp-json\/wp\/v2\/users\/1"}],"replies":[{"embeddable":true,"href":"https:\/\/wmerksa.ch\/fr\/wp-json\/wp\/v2\/comments?post=728"}],"version-history":[{"count":0,"href":"https:\/\/wmerksa.ch\/fr\/wp-json\/wp\/v2\/pages\/728\/revisions"}],"wp:attachment":[{"href":"https:\/\/wmerksa.ch\/fr\/wp-json\/wp\/v2\/media?parent=728"}],"curies":[{"name":"wp","href":"https:\/\/api.w.org\/{rel}","templated":true}]}}