{"id":739,"date":"2021-10-22T10:06:34","date_gmt":"2021-10-22T08:06:34","guid":{"rendered":"https:\/\/wmerksa.ch\/privacy-policy\/"},"modified":"2021-10-22T10:06:34","modified_gmt":"2021-10-22T08:06:34","slug":"privacy-policy","status":"publish","type":"page","link":"https:\/\/wmerksa.ch\/de\/privacy-policy\/","title":{"rendered":"Privacy policy"},"content":{"rendered":"<div class=\"fusion-fullwidth fullwidth-box fusion-builder-row-1 fusion-flex-container hundred-percent-fullwidth non-hundred-percent-height-scrolling\" style=\"--awb-border-radius-top-left:0px;--awb-border-radius-top-right:0px;--awb-border-radius-bottom-right:0px;--awb-border-radius-bottom-left:0px;--awb-padding-right:30px;--awb-padding-left:30px;--awb-margin-bottom:0px;--awb-background-color:#f1f1f1;--awb-flex-wrap:wrap;\" ><div class=\"fusion-builder-row fusion-row fusion-flex-align-items-flex-start fusion-flex-content-wrap\" style=\"width:104% !important;max-width:104% !important;margin-left: calc(-4% \/ 2 );margin-right: calc(-4% \/ 2 );\"><div class=\"fusion-layout-column fusion_builder_column fusion-builder-column-0 fusion_builder_column_1_5 1_5 fusion-flex-column fusion-no-small-visibility fusion-no-medium-visibility\" style=\"--awb-bg-size:cover;--awb-width-large:20%;--awb-margin-top-large:0px;--awb-spacing-right-large:9.6%;--awb-margin-bottom-large:0px;--awb-spacing-left-large:9.6%;--awb-width-medium:20%;--awb-order-medium:0;--awb-spacing-right-medium:9.6%;--awb-spacing-left-medium:9.6%;--awb-width-small:100%;--awb-order-small:0;--awb-spacing-right-small:1.92%;--awb-spacing-left-small:1.92%;\"><div class=\"fusion-column-wrapper fusion-column-has-shadow fusion-flex-justify-content-flex-start fusion-content-layout-column\"><\/div><\/div><div class=\"fusion-layout-column fusion_builder_column fusion-builder-column-1 fusion_builder_column_3_5 3_5 fusion-flex-column\" style=\"--awb-bg-size:cover;--awb-width-large:60%;--awb-margin-top-large:0px;--awb-spacing-right-large:3.2%;--awb-margin-bottom-large:0px;--awb-spacing-left-large:3.2%;--awb-width-medium:100%;--awb-order-medium:0;--awb-spacing-right-medium:1.92%;--awb-spacing-left-medium:1.92%;--awb-width-small:100%;--awb-order-small:0;--awb-spacing-right-small:1.92%;--awb-spacing-left-small:1.92%;\"><div class=\"fusion-column-wrapper fusion-column-has-shadow fusion-flex-justify-content-flex-start fusion-content-layout-column\"><div class=\"fusion-separator fusion-full-width-sep\" style=\"align-self: center;margin-left: auto;margin-right: auto;margin-top:40px;margin-bottom:40px;width:100%;\"><\/div><div class=\"fusion-title title fusion-title-1 fusion-sep-none fusion-title-text fusion-title-size-two\"><h2 class=\"fusion-title-heading title-heading-left\" style=\"margin:0;\">Privacy &amp; Cookie Policy<\/h2><\/div><div class=\"fusion-text fusion-text-1\" style=\"--awb-text-transform:none;\"><h3>PRIVACY POLICY<\/h3>\n<p>Questo sito raccoglie alcuni Dati Personali.<\/p>\n<p>Tali Dati Personali sono raccolti per le finalit\u00e0 e sono trattati secondo le modalit\u00e0 di seguito riportate.<\/p>\n<p><strong>Titolare del Trattamento dei Dati<\/strong><\/p>\n<p>W. Merk Sa<br \/>\nVia Ai Cioss, 4<br \/>\n6593 &#8211; Cadenazzo\u00a0Switzerland<\/p>\n<p><strong>Tipologie di Dati raccolti<\/strong><\/p>\n<p>Fra i Dati Personali trattati dalla presente Applicazione ci sono: Nome, Cognome, Numero di Telefono, Indirizzo, Email, Password, CAP e Citt\u00e0.<\/p>\n<p>Altri Dati Personali raccolti potrebbero essere evidenziati nel resto di questa privacy policy o con del testo informativo contestuale alla raccolta dei Dati stessi.<\/p>\n<p>I Dati Personali possono essere inseriti volontariamente dall\u2019Utente o dall\u2019Interessato, oppure raccolti in modo automatico, tramite la navigazione.<\/p>\n<p>L\u2019eventuale utilizzo di Cookie da parte dell\u2019Applicazione o dei titolari dei servizi terzi di cui l\u2019Applicazione si avvale, ove non diversamente precisato, ha la finalit\u00e0 di identificare l\u2019Utente e registrare le relative preferenze per finalit\u00e0 strettamente legate allo svolgimento del servizio richiesto dall\u2019Utente.<\/p>\n<p>Il mancato conferimento da parte dell\u2019Utente di alcuni Dati Personali, ed in particolare dei Dati di Navigazione mediante la disattivazione dei Cookie dell\u2019Applicazione, potrebbe rendere impossibile la prestazione di alcuni servizi o la navigazione.<\/p>\n<p>I Dati Personali raccolti possono riferirsi sia all\u2019Utente, sia a soggetti terzi di cui l\u2019Utente fornisce i dati.<\/p>\n<p>L&#8217;Utente si assume la responsabilit\u00e0 dei Dati personali di terzi pubblicati o condivisi mediante l\u2019Applicazione e garantisce di avere il diritto di comunicarli o diffonderli liberando il Titolare del Trattamento da qualsiasi responsabilit\u00e0 verso terzi.<\/p>\n<p><strong>Modalit\u00e0 e luogo del Trattamento dei Dati raccolti<\/strong><\/p>\n<p><strong>Modalit\u00e0 di trattamento<\/strong><\/p>\n<p>Il Titolare tratta i Dati Personali degli Utenti e degli Interessati adottando le opportune misure di sicurezza volte ad impedire l\u2019accesso, la divulgazione, la modifica o la distruzione non autorizzate dei Dati Personali. Il trattamento viene effettuato mediante strumenti informatici con modalit\u00e0 organizzative strettamente correlate alle finalit\u00e0 indicate di seguito.<\/p>\n<p>Oltre al titolare, in alcuni casi, potrebbero avere accesso ai Dati soggetti esterni (come fornitori di servizi tecnici terzi, corrieri postali, hosting provider, societ\u00e0 informatiche, agenzie di comunicazione). L\u2019elenco aggiornato dei soggetti potr\u00e0 sempre essere richiesto al Titolare del Trattamento.<\/p>\n<p><strong>Luogo<\/strong><\/p>\n<p>I Dati sono trattati presso la sede del Titolare del Trattamento, salvo quanto altrimenti specificato nel resto del documento.<\/p>\n<p><strong>Tempi<\/strong><\/p>\n<p>I Dati sono trattati per il tempo necessario allo svolgimento del servizio richiesto dall\u2019Utente e l\u2019Utente pu\u00f2 sempre chiedere l\u2019interruzione del Trattamento o la cancellazione.<\/p>\n<p><strong>Finalit\u00e0 del Trattamento dei Dati raccolti<\/strong><\/p>\n<p>I Dati dell\u2019Utente o dell&#8217;Interessato sono raccolti per le seguenti finalit\u00e0: Registrazione ed autenticazione, evasione acquisto o servizio, Contattare l\u2019Utente.<\/p>\n<p>Le tipologie di Dati Personali utilizzati per ciascuna finalit\u00e0 sono indicate nelle sezioni specifiche di questo documento.<\/p>\n<p>L\u2019Utilizzo dei Dati per ulteriori finalit\u00e0 da parte del Titolare potrebbe, in alcuni casi e per specifiche legislazioni di riferimento, richiedere il consenso dell\u2019Utente o dell\u2019Interessato.<\/p>\n<p><strong>Dettagli sul trattamento dei Dati Personali e sui servizi forniti da soggetti terzi<\/strong><\/p>\n<p>I Dati Personali sono raccolti per le seguenti finalit\u00e0 ed utilizzando i seguenti servizi:<\/p>\n<ul>\n<li>Registrazione ed autenticazione: Con la registrazione o l\u2019autenticazione l\u2019Utente consente all\u2019Applicazione di identificarlo e di dargli accesso a servizi dedicati. A seconda di quanto indicato di seguito, i servizi di registrazione e di autenticazione potrebbero essere forniti con l\u2019ausilio di terze parti. Qualora questo avvenga, questa applicazione potr\u00e0 accedere ad alcun Dati conservati dal servizio terzo usato per la registrazione o l\u2019identificazione.<\/li>\n<li>Registrazione gestita dal sito. L\u2019Utente si registra compilando il modulo di registrazione e fornendo direttamente all\u2019Applicazione i propri Dati Personali. Dati personali raccolti: Nome, Cognome, Numero di Telefono, Indirizzo, Email, Password, CAP e Citt\u00e0.<\/li>\n<li>Contattare l\u2019Utente. Mailing List o Newsletter. Registrandosi alla mailing list o alla newsletter, l\u2019indirizzo email dell\u2019Utente viene automaticamente inserito in una lista di contatti a cui potranno essere trasmessi messaggi email contenenti informazioni, anche di natura commerciale e promozionale, relative all\u2019Applicazione. Il tuo indirizzo email potrebbe anche essere aggiunto a questa lista come risultato della registrazione all&#8217;Applicazione o dopo aver effettuato un acquisto. Dati personali raccolti: Email, Nome e Cognome.<\/li>\n<li>Modulo di contatto. L\u2019Utente, compilando con i propri Dati il Modulo di Contatto, acconsente al loro utilizzo per rispondere alle richieste di informazioni, di preventivo, o di qualunque altra natura indicata dall\u2019intestazione del modulo. Dati personali raccolti: Nome, Cognome, Numero di Telefono e Email.<\/li>\n<\/ul>\n<p><strong>Ulteriori informazioni sul trattamento<\/strong><\/p>\n<p><strong>Difesa in giudizio<\/strong><\/p>\n<p>I Dati Personali dell\u2019Utente possono essere utilizzati per la difesa da parte del Titolare dell\u2019Applicazione in giudizio o nelle fasi propedeutiche alla sua eventuale instaurazione, da abusi nell&#8217;utilizzo della stessa o dei servizi connessi da parte dell\u2019Utente.<\/p>\n<p><strong>Informative specifiche<\/strong><\/p>\n<p>Informative specifiche potrebbero essere presentate nelle pagine del Sito in relazione a particolari servizi o trattamenti dei Dati forniti dall\u2019Utente o dall\u2019Interessato.<\/p>\n<p><strong>Manutenzione<\/strong><\/p>\n<p>I Dati Personali dell\u2019Utente possono essere trattati con modalit\u00e0 e finalit\u00e0 aggiuntive legate alla manutenzione dell\u2019Applicazione.<\/p>\n<p><strong>Log di sistema<\/strong><\/p>\n<p>Per necessit\u00e0 legate al funzionamento ed alla manutenzione, questa Applicazione e gli eventuali servizi terzi da essa utilizzati potrebbero raccogliere Log di sistema, ossia file che registrano le interazioni \u2013 compresa la navigazione \u2013 e che possono contenere anche Dati Personali, quali l\u2019indirizzo IP.<\/p>\n<p><strong>Informazioni non contenute in questa policy<\/strong><\/p>\n<p>Maggiori informazioni in relazione al trattamento dei Dati Personali potranno essere richieste in qualsiasi momento al Titolare del Trattamento.<\/p>\n<p><strong>Esercizio dei Diritti da parte degli Interessati<\/strong><\/p>\n<p>I soggetti cui si riferiscono i Dati Personali hanno il diritto in qualunque momento di ottenere la conferma dell&#8217;esistenza o meno degli stessi presso il Titolare del Trattamento, di conoscerne il contenuto e l&#8217;origine, di verificarne l&#8217;esattezza o chiederne l\u2019integrazione, la cancellazione, l&#8217;aggiornamento, la rettifica, la trasformazione in forma anonima o il blocco dei Dati Personali trattati in violazione di legge, nonch\u00e9 di opporsi in ogni caso, per motivi legittimi, al loro trattamento. Le richieste vanno rivolte al Titolare del Trattamento.<\/p>\n<p><strong>Modifiche a questa Privacy Policy<\/strong><\/p>\n<p>L\u2019Applicazione si riserva il diritto di apportare modifiche alla presente Privacy Policy in qualunque momento dandone pubblicit\u00e0 agli Utenti su questa pagina e garantendo in ogni caso una analoga protezione dei Dati Personali. Si prega dunque di consultare spesso questa pagina, prendendo come riferimento la data di ultima modifica indicata in fondo.<\/p>\n<h3>COOKIE POLICY<\/h3>\n<p>Questo sito utilizza cookies tecnici per offrirti un&#8217;esperienza di navigazione migliore e cookies di proliferazione, propri o di altri siti, per aumentare la tua esperienza. Proseguendo la navigazione o cliccando su accetto, acconsente all\u2019utilizzo dei cookie impiegati dal nostro sito.<\/p>\n<p><a href=\"http:\/\/www.youronlinechoices.com\/ch-it\/\" target=\"_blank\" rel=\"noopener\">http:\/\/www.youronlinechoices.com\/ch-it\/<\/a><\/p>\n<p>Benvenuti nella guida sulla pubblicit\u00e0 comportamentale e la privacy online. In questo sito web, troverete informazioni su come funziona la pubblicit\u00e0 comportamentale e molte informazioni <a href=\"http:\/\/www.youronlinechoices.com\/ch-it\/a-proposito-della-pubblicita-comportamentale\" target=\"_blank\" rel=\"noopener\">sui cookie<\/a> oltre alle tappe da seguire per proteggere la privacy su internet.<\/p>\n<p><strong>Che cos\u2019\u00e8 un \u2018cookie\u2019 e come viene utilizzato?<\/strong><\/p>\n<p>Un <a href=\"http:\/\/www.youronlinechoices.com\/ch-it\/glossario\" target=\"_blank\" rel=\"noopener\">cookie<\/a> \u00e8 un piccolo file di lettere e numeri che viene scaricato sul vostro computer, quando accedete a certi siti web. I cookie consentono ad un sito web di riconoscere le preferenze espresse da un utente durante una precedente navigazione, quando torna a visitare quel sito. Un cookie di per s\u00e9 non contiene n\u00e9 raccoglie informazioni. Tuttavia, quando viene letto da un server in relazione ad un browser di rete, pu\u00f2 aiutare un sito web a offrire un accesso pi\u00f9 facile, ad esempio, ricordando gli acquisti precedenti o i dettagli di un account.<\/p>\n<p>I cookie sono registrati nella memoria del vostro browser e ciascuno contiene generalmente:<\/p>\n<ul>\n<li>Il nome del server da cui il cookie \u00e8 stato inviato<\/li>\n<li>La scadenza del cookie<\/li>\n<li>Un valore, solitamente un numero unico generato a caso dal computer. Il server del sito web che trasferisce il cookie utilizza questo numero per riconoscervi quando tornate a visitare un sito o navigate da una pagina all\u2019altra. Solo il server che ha inviato un cookie pu\u00f2 leggere e quindi utilizzare quel cookie. I cookie sono fondamentali per personalizzare internet e la pubblicit\u00e0 comportamentale online funziona generalmente utilizzando i cookie.<\/li>\n<\/ul>\n<p><strong>Posso disattivare un cookie?<\/strong><\/p>\n<p>S\u00ec. Alcuni browser vi permetteranno di bloccare solo i <a href=\"http:\/\/www.youronlinechoices.com\/ch-it\/glossario\" target=\"_blank\" rel=\"noopener\">cookie di terze parti<\/a> (vale a dire un cookie salvato sul vostro browser da una terza parte, ad esempio una <a href=\"http:\/\/www.youronlinechoices.com\/ch-it\/glossario\" target=\"_blank\" rel=\"noopener\">rete pubblicitaria<\/a> diversa dal proprietario di quel determinato sito web) o consentiranno di usare le impostazioni solo per bloccare i cookie che non corrispondono alle vostre preferenze relative alla privacy.<\/p>\n<p>Potete scegliere di disattivare tutti i cookie, ma questa operazione potrebbe ripercuotersi in maniera incisiva sulla vostra esperienza di navigazione in rete, se utilizzate servizi che funzionano attraverso i cookie. Visitate i <a href=\"http:\/\/www.youronlinechoices.com\/ch-it\/cinque-principali-accorgimenti\" target=\"_blank\" rel=\"noopener\">principali accorgimenti<\/a> per saperne di pi\u00f9 su come gestire le impostazioni sulla privacy del vostro browser di rete.<\/p>\n<\/div><div class=\"fusion-separator fusion-full-width-sep\" style=\"align-self: center;margin-left: auto;margin-right: auto;margin-top:20px;margin-bottom:20px;width:100%;\"><\/div><\/div><\/div><div class=\"fusion-layout-column fusion_builder_column fusion-builder-column-2 fusion_builder_column_1_5 1_5 fusion-flex-column fusion-no-small-visibility fusion-no-medium-visibility\" style=\"--awb-bg-size:cover;--awb-width-large:20%;--awb-margin-top-large:0px;--awb-spacing-right-large:9.6%;--awb-margin-bottom-large:0px;--awb-spacing-left-large:9.6%;--awb-width-medium:20%;--awb-order-medium:0;--awb-spacing-right-medium:9.6%;--awb-spacing-left-medium:9.6%;--awb-width-small:100%;--awb-order-small:0;--awb-spacing-right-small:1.92%;--awb-spacing-left-small:1.92%;\"><div class=\"fusion-column-wrapper fusion-column-has-shadow fusion-flex-justify-content-flex-start fusion-content-layout-column\"><\/div><\/div><\/div><\/div>\n","protected":false},"excerpt":{"rendered":"","protected":false},"author":1,"featured_media":0,"parent":0,"menu_order":99,"comment_status":"closed","ping_status":"closed","template":"100-width.php","meta":{"_themeisle_gutenberg_block_has_review":false,"footnotes":""},"class_list":["post-739","page","type-page","status-publish","hentry"],"yoast_head":"<!-- This site is optimized with the Yoast SEO plugin v27.4 - https:\/\/yoast.com\/product\/yoast-seo-wordpress\/ -->\n<title>Privacy policy - W. Merk SA<\/title>\n<meta name=\"description\" content=\"Privacy &amp; Cookie Policy del sito internet W. Merk S.A.\" \/>\n<meta name=\"robots\" content=\"index, follow, max-snippet:-1, max-image-preview:large, max-video-preview:-1\" \/>\n<link rel=\"canonical\" href=\"https:\/\/wmerksa.ch\/de\/privacy-policy\/\" \/>\n<meta property=\"og:locale\" content=\"de_DE\" \/>\n<meta property=\"og:type\" content=\"article\" \/>\n<meta property=\"og:title\" content=\"Privacy policy - W. Merk SA\" \/>\n<meta property=\"og:description\" content=\"Privacy &amp; Cookie Policy del sito internet W. Merk S.A.\" \/>\n<meta property=\"og:url\" content=\"https:\/\/wmerksa.ch\/de\/privacy-policy\/\" \/>\n<meta property=\"og:site_name\" content=\"W. Merk SA\" \/>\n<meta property=\"article:publisher\" content=\"https:\/\/www.facebook.com\/wmerk.ch\/\" \/>\n<meta name=\"twitter:card\" content=\"summary_large_image\" \/>\n<meta name=\"twitter:label1\" content=\"Gesch\u00e4tzte Lesezeit\" \/>\n\t<meta name=\"twitter:data1\" content=\"15\u00a0Minuten\" \/>\n<script type=\"application\/ld+json\" class=\"yoast-schema-graph\">{\"@context\":\"https:\\\/\\\/schema.org\",\"@graph\":[{\"@type\":\"WebPage\",\"@id\":\"https:\\\/\\\/wmerksa.ch\\\/de\\\/privacy-policy\\\/\",\"url\":\"https:\\\/\\\/wmerksa.ch\\\/de\\\/privacy-policy\\\/\",\"name\":\"Privacy policy - W. Merk SA\",\"isPartOf\":{\"@id\":\"https:\\\/\\\/wmerksa.ch\\\/de\\\/#website\"},\"datePublished\":\"2021-10-22T08:06:34+00:00\",\"description\":\"Privacy & Cookie Policy del sito internet W. Merk S.A.\",\"breadcrumb\":{\"@id\":\"https:\\\/\\\/wmerksa.ch\\\/de\\\/privacy-policy\\\/#breadcrumb\"},\"inLanguage\":\"de\",\"potentialAction\":[{\"@type\":\"ReadAction\",\"target\":[\"https:\\\/\\\/wmerksa.ch\\\/de\\\/privacy-policy\\\/\"]}]},{\"@type\":\"BreadcrumbList\",\"@id\":\"https:\\\/\\\/wmerksa.ch\\\/de\\\/privacy-policy\\\/#breadcrumb\",\"itemListElement\":[{\"@type\":\"ListItem\",\"position\":1,\"name\":\"Home\",\"item\":\"https:\\\/\\\/wmerksa.ch\\\/de\\\/\"},{\"@type\":\"ListItem\",\"position\":2,\"name\":\"Privacy policy\"}]},{\"@type\":\"WebSite\",\"@id\":\"https:\\\/\\\/wmerksa.ch\\\/de\\\/#website\",\"url\":\"https:\\\/\\\/wmerksa.ch\\\/de\\\/\",\"name\":\"W. Merk SA\",\"description\":\"\",\"publisher\":{\"@id\":\"https:\\\/\\\/wmerksa.ch\\\/de\\\/#organization\"},\"potentialAction\":[{\"@type\":\"SearchAction\",\"target\":{\"@type\":\"EntryPoint\",\"urlTemplate\":\"https:\\\/\\\/wmerksa.ch\\\/de\\\/?s={search_term_string}\"},\"query-input\":{\"@type\":\"PropertyValueSpecification\",\"valueRequired\":true,\"valueName\":\"search_term_string\"}}],\"inLanguage\":\"de\"},{\"@type\":\"Organization\",\"@id\":\"https:\\\/\\\/wmerksa.ch\\\/de\\\/#organization\",\"name\":\"W. Merk SA\",\"url\":\"https:\\\/\\\/wmerksa.ch\\\/de\\\/\",\"logo\":{\"@type\":\"ImageObject\",\"inLanguage\":\"de\",\"@id\":\"https:\\\/\\\/wmerksa.ch\\\/de\\\/#\\\/schema\\\/logo\\\/image\\\/\",\"url\":\"https:\\\/\\\/wmerksa.ch\\\/wp-content\\\/uploads\\\/2021\\\/09\\\/logo@3x.png\",\"contentUrl\":\"https:\\\/\\\/wmerksa.ch\\\/wp-content\\\/uploads\\\/2021\\\/09\\\/logo@3x.png\",\"width\":480,\"height\":183,\"caption\":\"W. Merk SA\"},\"image\":{\"@id\":\"https:\\\/\\\/wmerksa.ch\\\/de\\\/#\\\/schema\\\/logo\\\/image\\\/\"},\"sameAs\":[\"https:\\\/\\\/www.facebook.com\\\/wmerk.ch\\\/\"]}]}<\/script>\n<!-- \/ Yoast SEO plugin. -->","yoast_head_json":{"title":"Privacy policy - W. Merk SA","description":"Privacy & Cookie Policy del sito internet W. Merk S.A.","robots":{"index":"index","follow":"follow","max-snippet":"max-snippet:-1","max-image-preview":"max-image-preview:large","max-video-preview":"max-video-preview:-1"},"canonical":"https:\/\/wmerksa.ch\/de\/privacy-policy\/","og_locale":"de_DE","og_type":"article","og_title":"Privacy policy - W. Merk SA","og_description":"Privacy & Cookie Policy del sito internet W. Merk S.A.","og_url":"https:\/\/wmerksa.ch\/de\/privacy-policy\/","og_site_name":"W. Merk SA","article_publisher":"https:\/\/www.facebook.com\/wmerk.ch\/","twitter_card":"summary_large_image","twitter_misc":{"Gesch\u00e4tzte Lesezeit":"15\u00a0Minuten"},"schema":{"@context":"https:\/\/schema.org","@graph":[{"@type":"WebPage","@id":"https:\/\/wmerksa.ch\/de\/privacy-policy\/","url":"https:\/\/wmerksa.ch\/de\/privacy-policy\/","name":"Privacy policy - W. Merk SA","isPartOf":{"@id":"https:\/\/wmerksa.ch\/de\/#website"},"datePublished":"2021-10-22T08:06:34+00:00","description":"Privacy & Cookie Policy del sito internet W. Merk S.A.","breadcrumb":{"@id":"https:\/\/wmerksa.ch\/de\/privacy-policy\/#breadcrumb"},"inLanguage":"de","potentialAction":[{"@type":"ReadAction","target":["https:\/\/wmerksa.ch\/de\/privacy-policy\/"]}]},{"@type":"BreadcrumbList","@id":"https:\/\/wmerksa.ch\/de\/privacy-policy\/#breadcrumb","itemListElement":[{"@type":"ListItem","position":1,"name":"Home","item":"https:\/\/wmerksa.ch\/de\/"},{"@type":"ListItem","position":2,"name":"Privacy policy"}]},{"@type":"WebSite","@id":"https:\/\/wmerksa.ch\/de\/#website","url":"https:\/\/wmerksa.ch\/de\/","name":"W. Merk SA","description":"","publisher":{"@id":"https:\/\/wmerksa.ch\/de\/#organization"},"potentialAction":[{"@type":"SearchAction","target":{"@type":"EntryPoint","urlTemplate":"https:\/\/wmerksa.ch\/de\/?s={search_term_string}"},"query-input":{"@type":"PropertyValueSpecification","valueRequired":true,"valueName":"search_term_string"}}],"inLanguage":"de"},{"@type":"Organization","@id":"https:\/\/wmerksa.ch\/de\/#organization","name":"W. Merk SA","url":"https:\/\/wmerksa.ch\/de\/","logo":{"@type":"ImageObject","inLanguage":"de","@id":"https:\/\/wmerksa.ch\/de\/#\/schema\/logo\/image\/","url":"https:\/\/wmerksa.ch\/wp-content\/uploads\/2021\/09\/logo@3x.png","contentUrl":"https:\/\/wmerksa.ch\/wp-content\/uploads\/2021\/09\/logo@3x.png","width":480,"height":183,"caption":"W. Merk SA"},"image":{"@id":"https:\/\/wmerksa.ch\/de\/#\/schema\/logo\/image\/"},"sameAs":["https:\/\/www.facebook.com\/wmerk.ch\/"]}]}},"_links":{"self":[{"href":"https:\/\/wmerksa.ch\/de\/wp-json\/wp\/v2\/pages\/739","targetHints":{"allow":["GET"]}}],"collection":[{"href":"https:\/\/wmerksa.ch\/de\/wp-json\/wp\/v2\/pages"}],"about":[{"href":"https:\/\/wmerksa.ch\/de\/wp-json\/wp\/v2\/types\/page"}],"author":[{"embeddable":true,"href":"https:\/\/wmerksa.ch\/de\/wp-json\/wp\/v2\/users\/1"}],"replies":[{"embeddable":true,"href":"https:\/\/wmerksa.ch\/de\/wp-json\/wp\/v2\/comments?post=739"}],"version-history":[{"count":0,"href":"https:\/\/wmerksa.ch\/de\/wp-json\/wp\/v2\/pages\/739\/revisions"}],"wp:attachment":[{"href":"https:\/\/wmerksa.ch\/de\/wp-json\/wp\/v2\/media?parent=739"}],"curies":[{"name":"wp","href":"https:\/\/api.w.org\/{rel}","templated":true}]}}