{"id":736,"date":"2021-10-22T10:05:02","date_gmt":"2021-10-22T08:05:02","guid":{"rendered":"https:\/\/wmerksa.ch\/verkaufsbedingungen\/"},"modified":"2021-10-22T10:05:03","modified_gmt":"2021-10-22T08:05:03","slug":"verkaufsbedingungen","status":"publish","type":"page","link":"https:\/\/wmerksa.ch\/de\/verkaufsbedingungen\/","title":{"rendered":"Verkaufsbedingungen"},"content":{"rendered":"<div class=\"fusion-fullwidth fullwidth-box fusion-builder-row-1 fusion-flex-container hundred-percent-fullwidth non-hundred-percent-height-scrolling\" style=\"--awb-border-radius-top-left:0px;--awb-border-radius-top-right:0px;--awb-border-radius-bottom-right:0px;--awb-border-radius-bottom-left:0px;--awb-padding-right:30px;--awb-padding-left:30px;--awb-margin-bottom:0px;--awb-background-color:#f1f1f1;--awb-flex-wrap:wrap;\" ><div class=\"fusion-builder-row fusion-row fusion-flex-align-items-flex-start fusion-flex-content-wrap\" style=\"width:104% !important;max-width:104% !important;margin-left: calc(-4% \/ 2 );margin-right: calc(-4% \/ 2 );\"><div class=\"fusion-layout-column fusion_builder_column fusion-builder-column-0 fusion_builder_column_1_5 1_5 fusion-flex-column fusion-no-small-visibility fusion-no-medium-visibility\" style=\"--awb-bg-size:cover;--awb-width-large:20%;--awb-margin-top-large:0px;--awb-spacing-right-large:9.6%;--awb-margin-bottom-large:0px;--awb-spacing-left-large:9.6%;--awb-width-medium:20%;--awb-order-medium:0;--awb-spacing-right-medium:9.6%;--awb-spacing-left-medium:9.6%;--awb-width-small:100%;--awb-order-small:0;--awb-spacing-right-small:1.92%;--awb-spacing-left-small:1.92%;\"><div class=\"fusion-column-wrapper fusion-column-has-shadow fusion-flex-justify-content-flex-start fusion-content-layout-column\"><\/div><\/div><div class=\"fusion-layout-column fusion_builder_column fusion-builder-column-1 fusion_builder_column_3_5 3_5 fusion-flex-column\" style=\"--awb-bg-size:cover;--awb-width-large:60%;--awb-margin-top-large:0px;--awb-spacing-right-large:3.2%;--awb-margin-bottom-large:0px;--awb-spacing-left-large:3.2%;--awb-width-medium:100%;--awb-order-medium:0;--awb-spacing-right-medium:1.92%;--awb-spacing-left-medium:1.92%;--awb-width-small:100%;--awb-order-small:0;--awb-spacing-right-small:1.92%;--awb-spacing-left-small:1.92%;\"><div class=\"fusion-column-wrapper fusion-column-has-shadow fusion-flex-justify-content-flex-start fusion-content-layout-column\"><div class=\"fusion-separator fusion-full-width-sep\" style=\"align-self: center;margin-left: auto;margin-right: auto;margin-top:40px;margin-bottom:40px;width:100%;\"><\/div><div class=\"fusion-title title fusion-title-1 fusion-sep-none fusion-title-text fusion-title-size-two\"><h2 class=\"fusion-title-heading title-heading-left\" style=\"margin:0;\">Verkaufsbedingungen<\/h2><\/div><div class=\"fusion-text fusion-text-1\"><h3>Kontakt<\/h3>\n<p>Email: <a href=\"mailto:info@wmerksa.ch\">info@wmerksa.ch<br \/>\n<\/a>Telefono: <a href=\"tel:+41 91 759 10 30\">+41 91 759 10 30<\/a><span class=\"Apple-converted-space\">\u00a0<\/span><\/p>\n<p>Indirizzo postale: W. Merk SA, Via Ai Cioss, CP 245 | 6593 &#8211; Cadenazzo, Svizzera<\/p>\n<p>Non esitate a contattarci in caso di domande in merito ai nostri prodotti. Tutte le informazioni che darete saranno trattate confidenzialmente e ad esclusivo uso interno.<\/p>\n<p>Un altro requisito che si \u00e8 imposto wmerksa.ch \u00e8 la rapidit\u00e0 di consegna. Gli ordini vengono evasi nel pi\u00f9 breve tempo possibile.<\/p>\n<h3>Condizioni generali di vendita<\/h3>\n<p><strong>1-Generale<\/strong><\/p>\n<p>Il nostro obiettivo \u00e8 quello di servire ogni singolo cliente in modo che sia pienamente soddisfatto. A questo contribuiscono anche le nostre ottime condizioni generali di contratto.<\/p>\n<p>Il contratto si conclude con l&#8217;accettazione da parte nostra della proposta di contratto presentata dal cliente con la sua ordinazione. L&#8217;accettazione avviene con la nostra conferma dell&#8217;ordine che contiene gli elementi principali dell\u2019ordinazione.<\/p>\n<p>Quando si effettua un ordine il cliente accetta di essere vincolato dai termini e dalle condizioni. In caso di domande riguardo alle nostre condizioni generali si prega di rivolgersi a <a href=\"mailto:info@wmerksa.ch\">info@wmerksa.ch<\/a>.<\/p>\n<p><strong>2-Area di mercato<\/strong><\/p>\n<p>L&#8217;intera gamma di www.wmerksa.ch \u00e8 destinata esclusivamente ad una clientela in Svizzera e nel Principato del Liechtenstein.<\/p>\n<p><strong>3-Protezione dei dati<\/strong><\/p>\n<p>wmerksa.ch registra solo i dati indispensabili che vengono utilizzati per l&#8217;esecuzione dell&#8217;ordine e per agevolare il pi\u00f9 possibile ai clienti abituali i loro acquisiti successivi. I dati personali vengono trattati in modo confidenziale e non vengono ceduti a terzi per scopi pubblicitari in conformit\u00e0 delle leggi sulla protezione dei dati.<\/p>\n<p>Gli ordini aperti e conclusi vengono memorizzati. Per poter offrire opzioni possibilmente vantaggiose per la scelta del modo di pagamento, dobbiamo proteggere sia il cliente che noi stessi da possibili abusi.<\/p>\n<p>Tutte le informazioni di carattere personale, incluse le informazioni relative ai pagamenti con carte di credito, sono criptate.<\/p>\n<p><a href=\"https:\/\/wmerksa.ch\/privacy-policy\/\">Dichiarazione protezione dei dati di W. Merk SA<\/a><\/p>\n<h3>Cookies<\/h3>\n<p>Questo sito utilizza cookies tecnici per offrirti un&#8217;esperienza di navigazione migliore e cookies di proliferazione, propri o di altri siti, per aumentare la tua esperienza. Proseguendo la navigazione o cliccando su accetto, acconsente all\u2019utilizzo dei cookie impiegati dal nostro sito. (link a cookies)<\/p>\n<p>I clienti di <a href=\"http:\/\/www.wmerksa.ch\/\">www.wmerksa.ch<\/a> avranno l\u2019opportunit\u00e0 di ricevere le ultime informazioni sulle novit\u00e0 della nostra gamma di prodotti tramite newsletter. Questo servizio non \u00e8 vincolante. Il servizio \u00e8 gratuito e pu\u00f2 essere cancellato in un qualsiasi momento.<\/p>\n<p><strong>4-Prezzi\u00a0<\/strong><\/p>\n<p>Tutti i prezzi sono in franchi svizzeri, IVA inclusa, Le variazioni di prezzo e\/o di annate e\/o la disponibilit\u00e0 limitata di alcuni prodotti sono possibili in ogni momento e non richiedono preavviso.<\/p>\n<p><strong>5-Pagamento e consegna<\/strong><\/p>\n<p>Pagamento tramite fattura che vi verr\u00e0 recapitata assieme alla merce.<\/p>\n<p>La consegna \u00e8 per il proprietario della carta al suo indirizzo o presso un indirizzo di consegna prescelto in Svizzera o nel Principato del Liechtenstein. Le consegne a pi\u00f9 destinatari richiedono diversi ordini individuali.<\/p>\n<p><strong>6- Spese di spedizione<\/strong><\/p>\n<p>Le spese di spedizione risultano al termine dell\u2019ordinazione.<\/p>\n<p><strong>7- Condizioni di consegna<\/strong><\/p>\n<p>Nel limite della disponibilit\u00e0 i prodotti verranno consegnati in tempi brevi. Per garantire una rapida fornitura, \u00e8 possibile che vengano effettuate anche delle consegne parziali. Non vengono applicate spese aggiuntive.<\/p>\n<p><strong>8-Disponibilit\u00e0<\/strong><\/p>\n<p>La nostra gamma di prodotti \u00e8 in continua evoluzione, non garantiamo la disponibilit\u00e0 ininterrotta delle offerte indicate su www.wmerk.ch. Se un prodotto in particolare non \u00e8 disponibile o lo \u00e8 in quantit\u00e0 limitata verrete contattati.<\/p>\n<p><strong>9-Conversione \/ riscatto<span class=\"Apple-converted-space\">\u00a0<\/span><\/strong><\/p>\n<p>Il vostro ordine \u00e8 vincolante per www.wmerk.ch. Fondamentalmente i prodotti ordinati non possono essere scambiati o restituiti. Viene fatta eccezione per le spedizioni che sono state danneggiate durante il trasporto e\/o la consegna. Vi chiediamo di verificare la precisione e l&#8217;integrit\u00e0 della consegna e di inoltrare eventuali reclami a noi direttamente nel pi\u00f9 breve tempo possibile tramite il <a href=\"https:\/\/wmerksa.ch\/de\/kontakt\/\">modulo di contatto<\/a>.<\/p>\n<p>Dopo 10 giorni dal ricevimento della consegna consideriamo tutto approvato e corretto da parte vostra.<\/p>\n<p><strong>10-Foro competente<\/strong><\/p>\n<p>La nostra attivit\u00e0 commerciale si basa esclusivamente sul diritto svizzero. Il foro competente \u00e8 quello di Locarno.<\/p>\n<\/div><div class=\"fusion-separator fusion-full-width-sep\" style=\"align-self: center;margin-left: auto;margin-right: auto;margin-top:20px;margin-bottom:20px;width:100%;\"><\/div><\/div><\/div><div class=\"fusion-layout-column fusion_builder_column fusion-builder-column-2 fusion_builder_column_1_5 1_5 fusion-flex-column fusion-no-small-visibility fusion-no-medium-visibility\" style=\"--awb-bg-size:cover;--awb-width-large:20%;--awb-margin-top-large:0px;--awb-spacing-right-large:9.6%;--awb-margin-bottom-large:0px;--awb-spacing-left-large:9.6%;--awb-width-medium:20%;--awb-order-medium:0;--awb-spacing-right-medium:9.6%;--awb-spacing-left-medium:9.6%;--awb-width-small:100%;--awb-order-small:0;--awb-spacing-right-small:1.92%;--awb-spacing-left-small:1.92%;\"><div class=\"fusion-column-wrapper fusion-column-has-shadow fusion-flex-justify-content-flex-start fusion-content-layout-column\"><\/div><\/div><\/div><\/div>\n","protected":false},"excerpt":{"rendered":"","protected":false},"author":1,"featured_media":0,"parent":0,"menu_order":4,"comment_status":"closed","ping_status":"closed","template":"100-width.php","meta":{"_themeisle_gutenberg_block_has_review":false,"footnotes":""},"class_list":["post-736","page","type-page","status-publish","hentry"],"yoast_head":"<!-- This site is optimized with the Yoast SEO plugin v27.4 - https:\/\/yoast.com\/product\/yoast-seo-wordpress\/ -->\n<title>Verkaufsbedingungen - W. Merk SA<\/title>\n<meta name=\"robots\" content=\"index, follow, max-snippet:-1, max-image-preview:large, max-video-preview:-1\" \/>\n<link rel=\"canonical\" href=\"https:\/\/wmerksa.ch\/de\/verkaufsbedingungen\/\" \/>\n<meta property=\"og:locale\" content=\"de_DE\" \/>\n<meta property=\"og:type\" content=\"article\" \/>\n<meta property=\"og:title\" content=\"Verkaufsbedingungen - W. Merk SA\" \/>\n<meta property=\"og:url\" content=\"https:\/\/wmerksa.ch\/de\/verkaufsbedingungen\/\" \/>\n<meta property=\"og:site_name\" content=\"W. Merk SA\" \/>\n<meta property=\"article:publisher\" content=\"https:\/\/www.facebook.com\/wmerk.ch\/\" \/>\n<meta property=\"article:modified_time\" content=\"2021-10-22T08:05:03+00:00\" \/>\n<meta name=\"twitter:card\" content=\"summary_large_image\" \/>\n<meta name=\"twitter:label1\" content=\"Gesch\u00e4tzte Lesezeit\" \/>\n\t<meta name=\"twitter:data1\" content=\"11\u00a0Minuten\" \/>\n<script type=\"application\/ld+json\" class=\"yoast-schema-graph\">{\"@context\":\"https:\\\/\\\/schema.org\",\"@graph\":[{\"@type\":\"WebPage\",\"@id\":\"https:\\\/\\\/wmerksa.ch\\\/de\\\/verkaufsbedingungen\\\/\",\"url\":\"https:\\\/\\\/wmerksa.ch\\\/de\\\/verkaufsbedingungen\\\/\",\"name\":\"Verkaufsbedingungen - W. Merk SA\",\"isPartOf\":{\"@id\":\"https:\\\/\\\/wmerksa.ch\\\/de\\\/#website\"},\"datePublished\":\"2021-10-22T08:05:02+00:00\",\"dateModified\":\"2021-10-22T08:05:03+00:00\",\"breadcrumb\":{\"@id\":\"https:\\\/\\\/wmerksa.ch\\\/de\\\/verkaufsbedingungen\\\/#breadcrumb\"},\"inLanguage\":\"de\",\"potentialAction\":[{\"@type\":\"ReadAction\",\"target\":[\"https:\\\/\\\/wmerksa.ch\\\/de\\\/verkaufsbedingungen\\\/\"]}]},{\"@type\":\"BreadcrumbList\",\"@id\":\"https:\\\/\\\/wmerksa.ch\\\/de\\\/verkaufsbedingungen\\\/#breadcrumb\",\"itemListElement\":[{\"@type\":\"ListItem\",\"position\":1,\"name\":\"Home\",\"item\":\"https:\\\/\\\/wmerksa.ch\\\/de\\\/\"},{\"@type\":\"ListItem\",\"position\":2,\"name\":\"Verkaufsbedingungen\"}]},{\"@type\":\"WebSite\",\"@id\":\"https:\\\/\\\/wmerksa.ch\\\/de\\\/#website\",\"url\":\"https:\\\/\\\/wmerksa.ch\\\/de\\\/\",\"name\":\"W. Merk SA\",\"description\":\"\",\"publisher\":{\"@id\":\"https:\\\/\\\/wmerksa.ch\\\/de\\\/#organization\"},\"potentialAction\":[{\"@type\":\"SearchAction\",\"target\":{\"@type\":\"EntryPoint\",\"urlTemplate\":\"https:\\\/\\\/wmerksa.ch\\\/de\\\/?s={search_term_string}\"},\"query-input\":{\"@type\":\"PropertyValueSpecification\",\"valueRequired\":true,\"valueName\":\"search_term_string\"}}],\"inLanguage\":\"de\"},{\"@type\":\"Organization\",\"@id\":\"https:\\\/\\\/wmerksa.ch\\\/de\\\/#organization\",\"name\":\"W. Merk SA\",\"url\":\"https:\\\/\\\/wmerksa.ch\\\/de\\\/\",\"logo\":{\"@type\":\"ImageObject\",\"inLanguage\":\"de\",\"@id\":\"https:\\\/\\\/wmerksa.ch\\\/de\\\/#\\\/schema\\\/logo\\\/image\\\/\",\"url\":\"https:\\\/\\\/wmerksa.ch\\\/wp-content\\\/uploads\\\/2021\\\/09\\\/logo@3x.png\",\"contentUrl\":\"https:\\\/\\\/wmerksa.ch\\\/wp-content\\\/uploads\\\/2021\\\/09\\\/logo@3x.png\",\"width\":480,\"height\":183,\"caption\":\"W. Merk SA\"},\"image\":{\"@id\":\"https:\\\/\\\/wmerksa.ch\\\/de\\\/#\\\/schema\\\/logo\\\/image\\\/\"},\"sameAs\":[\"https:\\\/\\\/www.facebook.com\\\/wmerk.ch\\\/\"]}]}<\/script>\n<!-- \/ Yoast SEO plugin. -->","yoast_head_json":{"title":"Verkaufsbedingungen - W. Merk SA","robots":{"index":"index","follow":"follow","max-snippet":"max-snippet:-1","max-image-preview":"max-image-preview:large","max-video-preview":"max-video-preview:-1"},"canonical":"https:\/\/wmerksa.ch\/de\/verkaufsbedingungen\/","og_locale":"de_DE","og_type":"article","og_title":"Verkaufsbedingungen - W. Merk SA","og_url":"https:\/\/wmerksa.ch\/de\/verkaufsbedingungen\/","og_site_name":"W. Merk SA","article_publisher":"https:\/\/www.facebook.com\/wmerk.ch\/","article_modified_time":"2021-10-22T08:05:03+00:00","twitter_card":"summary_large_image","twitter_misc":{"Gesch\u00e4tzte Lesezeit":"11\u00a0Minuten"},"schema":{"@context":"https:\/\/schema.org","@graph":[{"@type":"WebPage","@id":"https:\/\/wmerksa.ch\/de\/verkaufsbedingungen\/","url":"https:\/\/wmerksa.ch\/de\/verkaufsbedingungen\/","name":"Verkaufsbedingungen - W. Merk SA","isPartOf":{"@id":"https:\/\/wmerksa.ch\/de\/#website"},"datePublished":"2021-10-22T08:05:02+00:00","dateModified":"2021-10-22T08:05:03+00:00","breadcrumb":{"@id":"https:\/\/wmerksa.ch\/de\/verkaufsbedingungen\/#breadcrumb"},"inLanguage":"de","potentialAction":[{"@type":"ReadAction","target":["https:\/\/wmerksa.ch\/de\/verkaufsbedingungen\/"]}]},{"@type":"BreadcrumbList","@id":"https:\/\/wmerksa.ch\/de\/verkaufsbedingungen\/#breadcrumb","itemListElement":[{"@type":"ListItem","position":1,"name":"Home","item":"https:\/\/wmerksa.ch\/de\/"},{"@type":"ListItem","position":2,"name":"Verkaufsbedingungen"}]},{"@type":"WebSite","@id":"https:\/\/wmerksa.ch\/de\/#website","url":"https:\/\/wmerksa.ch\/de\/","name":"W. Merk SA","description":"","publisher":{"@id":"https:\/\/wmerksa.ch\/de\/#organization"},"potentialAction":[{"@type":"SearchAction","target":{"@type":"EntryPoint","urlTemplate":"https:\/\/wmerksa.ch\/de\/?s={search_term_string}"},"query-input":{"@type":"PropertyValueSpecification","valueRequired":true,"valueName":"search_term_string"}}],"inLanguage":"de"},{"@type":"Organization","@id":"https:\/\/wmerksa.ch\/de\/#organization","name":"W. Merk SA","url":"https:\/\/wmerksa.ch\/de\/","logo":{"@type":"ImageObject","inLanguage":"de","@id":"https:\/\/wmerksa.ch\/de\/#\/schema\/logo\/image\/","url":"https:\/\/wmerksa.ch\/wp-content\/uploads\/2021\/09\/logo@3x.png","contentUrl":"https:\/\/wmerksa.ch\/wp-content\/uploads\/2021\/09\/logo@3x.png","width":480,"height":183,"caption":"W. Merk SA"},"image":{"@id":"https:\/\/wmerksa.ch\/de\/#\/schema\/logo\/image\/"},"sameAs":["https:\/\/www.facebook.com\/wmerk.ch\/"]}]}},"_links":{"self":[{"href":"https:\/\/wmerksa.ch\/de\/wp-json\/wp\/v2\/pages\/736","targetHints":{"allow":["GET"]}}],"collection":[{"href":"https:\/\/wmerksa.ch\/de\/wp-json\/wp\/v2\/pages"}],"about":[{"href":"https:\/\/wmerksa.ch\/de\/wp-json\/wp\/v2\/types\/page"}],"author":[{"embeddable":true,"href":"https:\/\/wmerksa.ch\/de\/wp-json\/wp\/v2\/users\/1"}],"replies":[{"embeddable":true,"href":"https:\/\/wmerksa.ch\/de\/wp-json\/wp\/v2\/comments?post=736"}],"version-history":[{"count":0,"href":"https:\/\/wmerksa.ch\/de\/wp-json\/wp\/v2\/pages\/736\/revisions"}],"wp:attachment":[{"href":"https:\/\/wmerksa.ch\/de\/wp-json\/wp\/v2\/media?parent=736"}],"curies":[{"name":"wp","href":"https:\/\/api.w.org\/{rel}","templated":true}]}}