{"id":735,"date":"2021-10-22T10:04:26","date_gmt":"2021-10-22T08:04:26","guid":{"rendered":"https:\/\/wmerksa.ch\/sozialer-auftrag\/"},"modified":"2021-10-22T10:04:26","modified_gmt":"2021-10-22T08:04:26","slug":"sozialer-auftrag","status":"publish","type":"page","link":"https:\/\/wmerksa.ch\/de\/sozialer-auftrag\/","title":{"rendered":"Sozialer Auftrag"},"content":{"rendered":"<div class=\"fusion-fullwidth fullwidth-box fusion-builder-row-1 fusion-flex-container hundred-percent-fullwidth non-hundred-percent-height-scrolling\" style=\"--awb-border-radius-top-left:0px;--awb-border-radius-top-right:0px;--awb-border-radius-bottom-right:0px;--awb-border-radius-bottom-left:0px;--awb-padding-right:30px;--awb-padding-left:30px;--awb-margin-bottom:0px;--awb-background-color:#f1f1f1;--awb-flex-wrap:wrap;\" ><div class=\"fusion-builder-row fusion-row fusion-flex-align-items-flex-start fusion-flex-content-wrap\" style=\"width:104% !important;max-width:104% !important;margin-left: calc(-4% \/ 2 );margin-right: calc(-4% \/ 2 );\"><div class=\"fusion-layout-column fusion_builder_column fusion-builder-column-0 fusion_builder_column_1_5 1_5 fusion-flex-column fusion-no-small-visibility fusion-no-medium-visibility\" style=\"--awb-bg-size:cover;--awb-width-large:20%;--awb-margin-top-large:0px;--awb-spacing-right-large:9.6%;--awb-margin-bottom-large:0px;--awb-spacing-left-large:9.6%;--awb-width-medium:20%;--awb-order-medium:0;--awb-spacing-right-medium:9.6%;--awb-spacing-left-medium:9.6%;--awb-width-small:100%;--awb-order-small:0;--awb-spacing-right-small:1.92%;--awb-spacing-left-small:1.92%;\"><div class=\"fusion-column-wrapper fusion-column-has-shadow fusion-flex-justify-content-flex-start fusion-content-layout-column\"><\/div><\/div><div class=\"fusion-layout-column fusion_builder_column fusion-builder-column-1 fusion_builder_column_3_5 3_5 fusion-flex-column\" style=\"--awb-bg-size:cover;--awb-width-large:60%;--awb-margin-top-large:0px;--awb-spacing-right-large:3.2%;--awb-margin-bottom-large:0px;--awb-spacing-left-large:3.2%;--awb-width-medium:100%;--awb-order-medium:0;--awb-spacing-right-medium:1.92%;--awb-spacing-left-medium:1.92%;--awb-width-small:100%;--awb-order-small:0;--awb-spacing-right-small:1.92%;--awb-spacing-left-small:1.92%;\"><div class=\"fusion-column-wrapper fusion-column-has-shadow fusion-flex-justify-content-flex-start fusion-content-layout-column\"><div class=\"fusion-separator fusion-full-width-sep\" style=\"align-self: center;margin-left: auto;margin-right: auto;margin-top:40px;margin-bottom:40px;width:100%;\"><\/div><div class=\"fusion-title title fusion-title-1 fusion-sep-none fusion-title-text fusion-title-size-two\"><h2 class=\"fusion-title-heading title-heading-left\" style=\"margin:0;\">Sozialer Auftrag<\/h2><\/div><div class=\"fusion-text fusion-text-1\"><p><span style=\"color: #e30613;\">Wir sind keine Hilfsorganisation. Wir helfen den Menschen, ihre Autonomie zu gewinnen.<\/span><\/p>\n<p>La missione che ha dato vita a W. Merk SA consiste nell\u2019offrire opportunit\u00e0 di lavoro a persone che incontrano difficolt\u00e0 ad accedere al mondo professionale, cos\u00ec da permettere loro di conquistare uno stile di vita responsabile e autonomo. Nei primi anni di attivit\u00e0 furono impiegati prevalentemente invalidi; in seguito, grazie all\u2019intensificazione delle prestazioni sociali, gli invalidi iniziarono ad essere sostenuti dallo Stato.<\/p>\n<p>Oggi la nostra organizzazione impiega in particolare modo lavoratrici a domicilio che devono occuparsi di familiari bisognosi di cure, donne che devono occuparsi da sole dei loro figli, persone in et\u00e0 cos\u00ec come giovani, che avrebbero difficolt\u00e0 a trovare un impiego, e altre persone socialmente pregiudicate. Molti nostri collaboratori avrebbero la possibilit\u00e0 di ricevere aiuti finanziari dagli enti di assistenza sociale, ma preferiscono aiutarsi da soli ed essere indipendenti.<\/p>\n<p>La nostra visione ci ha portati a definire in modo chiaro i valori che W. Merk SA segue nelle attivit\u00e0 di ogni giorno: solidariet\u00e0, impegno, professionalit\u00e0, qualit\u00e0 del prodotto.<\/p>\n<h3>Donazioni<\/h3>\n<p>Al termine di ogni anno, W. Merk SA assegna donazioni in denaro o merce a diversi istituti assistenziali, sulla base del bilancio e dell\u2019andamento della nostra ditta. In questo modo garantiamo supporto e aiuto non soltanto a chi collabora con noi, ma anche a coloro che vivono in condizioni disagiate ovunque si trovino nel mondo.<\/p>\n<h3>I nostri prodotti<\/h3>\n<p>Vendiamo prodotti di ottima qualit\u00e0, dagli alimentari ai prodotti per la casa, dai prodotti per bambini all\u2019oggettistica. Selezioniamo con attenzione i nostri articoli per garantire ai nostri clienti la pi\u00f9 alta qualit\u00e0. Scopri tutti i nostri prodotti nel nostro online shop.<\/p>\n<\/div><div class=\"fusion-separator fusion-full-width-sep\" style=\"align-self: center;margin-left: auto;margin-right: auto;margin-top:20px;margin-bottom:20px;width:100%;\"><\/div><div class=\"fusion-image-element \" style=\"text-align:center;--awb-caption-title-font-family:var(--h2_typography-font-family);--awb-caption-title-font-weight:var(--h2_typography-font-weight);--awb-caption-title-font-style:var(--h2_typography-font-style);--awb-caption-title-size:var(--h2_typography-font-size);--awb-caption-title-transform:var(--h2_typography-text-transform);--awb-caption-title-line-height:var(--h2_typography-line-height);--awb-caption-title-letter-spacing:var(--h2_typography-letter-spacing);\"><span class=\" fusion-imageframe imageframe-none imageframe-1 hover-type-none\"><img decoding=\"async\" width=\"600\" height=\"310\" title=\"la-nostra-filosofia\" src=\"https:\/\/wmerksa.ch\/wp-content\/uploads\/2021\/08\/la-nostra-filosofia.jpg\" alt class=\"img-responsive wp-image-438\" srcset=\"https:\/\/wmerksa.ch\/wp-content\/uploads\/2021\/08\/la-nostra-filosofia-200x103.jpg 200w, https:\/\/wmerksa.ch\/wp-content\/uploads\/2021\/08\/la-nostra-filosofia-400x207.jpg 400w, https:\/\/wmerksa.ch\/wp-content\/uploads\/2021\/08\/la-nostra-filosofia.jpg 600w\" sizes=\"(max-width: 640px) 100vw, 600px\" \/><\/span><\/div><\/div><\/div><div class=\"fusion-layout-column fusion_builder_column fusion-builder-column-2 fusion_builder_column_1_5 1_5 fusion-flex-column fusion-no-small-visibility fusion-no-medium-visibility\" style=\"--awb-bg-size:cover;--awb-width-large:20%;--awb-margin-top-large:0px;--awb-spacing-right-large:9.6%;--awb-margin-bottom-large:0px;--awb-spacing-left-large:9.6%;--awb-width-medium:20%;--awb-order-medium:0;--awb-spacing-right-medium:9.6%;--awb-spacing-left-medium:9.6%;--awb-width-small:100%;--awb-order-small:0;--awb-spacing-right-small:1.92%;--awb-spacing-left-small:1.92%;\"><div class=\"fusion-column-wrapper fusion-column-has-shadow fusion-flex-justify-content-flex-start fusion-content-layout-column\"><\/div><\/div><\/div><\/div>\n","protected":false},"excerpt":{"rendered":"","protected":false},"author":1,"featured_media":0,"parent":0,"menu_order":3,"comment_status":"closed","ping_status":"closed","template":"100-width.php","meta":{"_themeisle_gutenberg_block_has_review":false,"footnotes":""},"class_list":["post-735","page","type-page","status-publish","hentry"],"yoast_head":"<!-- This site is optimized with the Yoast SEO plugin v27.4 - https:\/\/yoast.com\/product\/yoast-seo-wordpress\/ -->\n<title>Sozialer Auftrag - W. Merk SA<\/title>\n<meta name=\"description\" content=\"Wir sind keine Hilfsorganisation. Wir helfen den Menschen, ihre Autonomie zu gewinnen.\" \/>\n<meta name=\"robots\" content=\"index, follow, max-snippet:-1, max-image-preview:large, max-video-preview:-1\" \/>\n<link rel=\"canonical\" href=\"https:\/\/wmerksa.ch\/de\/sozialer-auftrag\/\" \/>\n<meta property=\"og:locale\" content=\"de_DE\" \/>\n<meta property=\"og:type\" content=\"article\" \/>\n<meta property=\"og:title\" content=\"Sozialer Auftrag - W. Merk SA\" \/>\n<meta property=\"og:description\" content=\"Wir sind keine Hilfsorganisation. Wir helfen den Menschen, ihre Autonomie zu gewinnen.\" \/>\n<meta property=\"og:url\" content=\"https:\/\/wmerksa.ch\/de\/sozialer-auftrag\/\" \/>\n<meta property=\"og:site_name\" content=\"W. Merk SA\" \/>\n<meta property=\"article:publisher\" content=\"https:\/\/www.facebook.com\/wmerk.ch\/\" \/>\n<meta name=\"twitter:card\" content=\"summary_large_image\" \/>\n<meta name=\"twitter:label1\" content=\"Gesch\u00e4tzte Lesezeit\" \/>\n\t<meta name=\"twitter:data1\" content=\"9\u00a0Minuten\" \/>\n<script type=\"application\/ld+json\" class=\"yoast-schema-graph\">{\"@context\":\"https:\\\/\\\/schema.org\",\"@graph\":[{\"@type\":\"WebPage\",\"@id\":\"https:\\\/\\\/wmerksa.ch\\\/de\\\/sozialer-auftrag\\\/\",\"url\":\"https:\\\/\\\/wmerksa.ch\\\/de\\\/sozialer-auftrag\\\/\",\"name\":\"Sozialer Auftrag - W. Merk SA\",\"isPartOf\":{\"@id\":\"https:\\\/\\\/wmerksa.ch\\\/de\\\/#website\"},\"datePublished\":\"2021-10-22T08:04:26+00:00\",\"description\":\"Wir sind keine Hilfsorganisation. Wir helfen den Menschen, ihre Autonomie zu gewinnen.\",\"breadcrumb\":{\"@id\":\"https:\\\/\\\/wmerksa.ch\\\/de\\\/sozialer-auftrag\\\/#breadcrumb\"},\"inLanguage\":\"de\",\"potentialAction\":[{\"@type\":\"ReadAction\",\"target\":[\"https:\\\/\\\/wmerksa.ch\\\/de\\\/sozialer-auftrag\\\/\"]}]},{\"@type\":\"BreadcrumbList\",\"@id\":\"https:\\\/\\\/wmerksa.ch\\\/de\\\/sozialer-auftrag\\\/#breadcrumb\",\"itemListElement\":[{\"@type\":\"ListItem\",\"position\":1,\"name\":\"Home\",\"item\":\"https:\\\/\\\/wmerksa.ch\\\/de\\\/\"},{\"@type\":\"ListItem\",\"position\":2,\"name\":\"Sozialer Auftrag\"}]},{\"@type\":\"WebSite\",\"@id\":\"https:\\\/\\\/wmerksa.ch\\\/de\\\/#website\",\"url\":\"https:\\\/\\\/wmerksa.ch\\\/de\\\/\",\"name\":\"W. Merk SA\",\"description\":\"\",\"publisher\":{\"@id\":\"https:\\\/\\\/wmerksa.ch\\\/de\\\/#organization\"},\"potentialAction\":[{\"@type\":\"SearchAction\",\"target\":{\"@type\":\"EntryPoint\",\"urlTemplate\":\"https:\\\/\\\/wmerksa.ch\\\/de\\\/?s={search_term_string}\"},\"query-input\":{\"@type\":\"PropertyValueSpecification\",\"valueRequired\":true,\"valueName\":\"search_term_string\"}}],\"inLanguage\":\"de\"},{\"@type\":\"Organization\",\"@id\":\"https:\\\/\\\/wmerksa.ch\\\/de\\\/#organization\",\"name\":\"W. Merk SA\",\"url\":\"https:\\\/\\\/wmerksa.ch\\\/de\\\/\",\"logo\":{\"@type\":\"ImageObject\",\"inLanguage\":\"de\",\"@id\":\"https:\\\/\\\/wmerksa.ch\\\/de\\\/#\\\/schema\\\/logo\\\/image\\\/\",\"url\":\"https:\\\/\\\/wmerksa.ch\\\/wp-content\\\/uploads\\\/2021\\\/09\\\/logo@3x.png\",\"contentUrl\":\"https:\\\/\\\/wmerksa.ch\\\/wp-content\\\/uploads\\\/2021\\\/09\\\/logo@3x.png\",\"width\":480,\"height\":183,\"caption\":\"W. Merk SA\"},\"image\":{\"@id\":\"https:\\\/\\\/wmerksa.ch\\\/de\\\/#\\\/schema\\\/logo\\\/image\\\/\"},\"sameAs\":[\"https:\\\/\\\/www.facebook.com\\\/wmerk.ch\\\/\"]}]}<\/script>\n<!-- \/ Yoast SEO plugin. -->","yoast_head_json":{"title":"Sozialer Auftrag - W. Merk SA","description":"Wir sind keine Hilfsorganisation. Wir helfen den Menschen, ihre Autonomie zu gewinnen.","robots":{"index":"index","follow":"follow","max-snippet":"max-snippet:-1","max-image-preview":"max-image-preview:large","max-video-preview":"max-video-preview:-1"},"canonical":"https:\/\/wmerksa.ch\/de\/sozialer-auftrag\/","og_locale":"de_DE","og_type":"article","og_title":"Sozialer Auftrag - W. Merk SA","og_description":"Wir sind keine Hilfsorganisation. Wir helfen den Menschen, ihre Autonomie zu gewinnen.","og_url":"https:\/\/wmerksa.ch\/de\/sozialer-auftrag\/","og_site_name":"W. Merk SA","article_publisher":"https:\/\/www.facebook.com\/wmerk.ch\/","twitter_card":"summary_large_image","twitter_misc":{"Gesch\u00e4tzte Lesezeit":"9\u00a0Minuten"},"schema":{"@context":"https:\/\/schema.org","@graph":[{"@type":"WebPage","@id":"https:\/\/wmerksa.ch\/de\/sozialer-auftrag\/","url":"https:\/\/wmerksa.ch\/de\/sozialer-auftrag\/","name":"Sozialer Auftrag - W. Merk SA","isPartOf":{"@id":"https:\/\/wmerksa.ch\/de\/#website"},"datePublished":"2021-10-22T08:04:26+00:00","description":"Wir sind keine Hilfsorganisation. Wir helfen den Menschen, ihre Autonomie zu gewinnen.","breadcrumb":{"@id":"https:\/\/wmerksa.ch\/de\/sozialer-auftrag\/#breadcrumb"},"inLanguage":"de","potentialAction":[{"@type":"ReadAction","target":["https:\/\/wmerksa.ch\/de\/sozialer-auftrag\/"]}]},{"@type":"BreadcrumbList","@id":"https:\/\/wmerksa.ch\/de\/sozialer-auftrag\/#breadcrumb","itemListElement":[{"@type":"ListItem","position":1,"name":"Home","item":"https:\/\/wmerksa.ch\/de\/"},{"@type":"ListItem","position":2,"name":"Sozialer Auftrag"}]},{"@type":"WebSite","@id":"https:\/\/wmerksa.ch\/de\/#website","url":"https:\/\/wmerksa.ch\/de\/","name":"W. Merk SA","description":"","publisher":{"@id":"https:\/\/wmerksa.ch\/de\/#organization"},"potentialAction":[{"@type":"SearchAction","target":{"@type":"EntryPoint","urlTemplate":"https:\/\/wmerksa.ch\/de\/?s={search_term_string}"},"query-input":{"@type":"PropertyValueSpecification","valueRequired":true,"valueName":"search_term_string"}}],"inLanguage":"de"},{"@type":"Organization","@id":"https:\/\/wmerksa.ch\/de\/#organization","name":"W. Merk SA","url":"https:\/\/wmerksa.ch\/de\/","logo":{"@type":"ImageObject","inLanguage":"de","@id":"https:\/\/wmerksa.ch\/de\/#\/schema\/logo\/image\/","url":"https:\/\/wmerksa.ch\/wp-content\/uploads\/2021\/09\/logo@3x.png","contentUrl":"https:\/\/wmerksa.ch\/wp-content\/uploads\/2021\/09\/logo@3x.png","width":480,"height":183,"caption":"W. Merk SA"},"image":{"@id":"https:\/\/wmerksa.ch\/de\/#\/schema\/logo\/image\/"},"sameAs":["https:\/\/www.facebook.com\/wmerk.ch\/"]}]}},"_links":{"self":[{"href":"https:\/\/wmerksa.ch\/de\/wp-json\/wp\/v2\/pages\/735","targetHints":{"allow":["GET"]}}],"collection":[{"href":"https:\/\/wmerksa.ch\/de\/wp-json\/wp\/v2\/pages"}],"about":[{"href":"https:\/\/wmerksa.ch\/de\/wp-json\/wp\/v2\/types\/page"}],"author":[{"embeddable":true,"href":"https:\/\/wmerksa.ch\/de\/wp-json\/wp\/v2\/users\/1"}],"replies":[{"embeddable":true,"href":"https:\/\/wmerksa.ch\/de\/wp-json\/wp\/v2\/comments?post=735"}],"version-history":[{"count":0,"href":"https:\/\/wmerksa.ch\/de\/wp-json\/wp\/v2\/pages\/735\/revisions"}],"wp:attachment":[{"href":"https:\/\/wmerksa.ch\/de\/wp-json\/wp\/v2\/media?parent=735"}],"curies":[{"name":"wp","href":"https:\/\/api.w.org\/{rel}","templated":true}]}}